{"id":313,"date":"2019-11-30T13:41:00","date_gmt":"2019-11-30T12:41:00","guid":{"rendered":"http:\/\/detlev.synology.me\/wordpress\/?page_id=313"},"modified":"2022-12-28T16:54:24","modified_gmt":"2022-12-28T15:54:24","slug":"36-jahre-honeywell","status":"publish","type":"page","link":"https:\/\/detlev.synology.me\/wordpress\/?page_id=313","title":{"rendered":"36 Jahre Honeywell"},"content":{"rendered":"\n<div class=\"wp-block-group\"><div class=\"wp-block-group__inner-container is-layout-flow wp-block-group-is-layout-flow\">\n<p>Rot = 1;  Gelb = 2 bis 4;  Gr\u00fcn =  mehr als f\u00fcnf \u00dcbernachtungen<\/p>\n<\/div><\/div>\n\n\n\n<iframe loading=\"lazy\" src=\"https:\/\/www.google.com\/maps\/d\/u\/0\/embed?mid=1IbnWIHIBTDEBKXCLeyLFo3-AKkSRgW2v\" width=\"640\" height=\"480\"><\/iframe>\n","protected":false},"excerpt":{"rendered":"<p>Rot = 1; Gelb = 2 bis 4; Gr\u00fcn = mehr als f\u00fcnf \u00dcbernachtungen<\/p>\n","protected":false},"author":1,"featured_media":0,"parent":0,"menu_order":0,"comment_status":"open","ping_status":"closed","template":"","meta":{"footnotes":""},"class_list":["post-313","page","type-page","status-publish","hentry"],"_links":{"self":[{"href":"https:\/\/detlev.synology.me\/wordpress\/index.php?rest_route=\/wp\/v2\/pages\/313","targetHints":{"allow":["GET"]}}],"collection":[{"href":"https:\/\/detlev.synology.me\/wordpress\/index.php?rest_route=\/wp\/v2\/pages"}],"about":[{"href":"https:\/\/detlev.synology.me\/wordpress\/index.php?rest_route=\/wp\/v2\/types\/page"}],"author":[{"embeddable":true,"href":"https:\/\/detlev.synology.me\/wordpress\/index.php?rest_route=\/wp\/v2\/users\/1"}],"replies":[{"embeddable":true,"href":"https:\/\/detlev.synology.me\/wordpress\/index.php?rest_route=%2Fwp%2Fv2%2Fcomments&post=313"}],"version-history":[{"count":6,"href":"https:\/\/detlev.synology.me\/wordpress\/index.php?rest_route=\/wp\/v2\/pages\/313\/revisions"}],"predecessor-version":[{"id":882,"href":"https:\/\/detlev.synology.me\/wordpress\/index.php?rest_route=\/wp\/v2\/pages\/313\/revisions\/882"}],"wp:attachment":[{"href":"https:\/\/detlev.synology.me\/wordpress\/index.php?rest_route=%2Fwp%2Fv2%2Fmedia&parent=313"}],"curies":[{"name":"wp","href":"https:\/\/api.w.org\/{rel}","templated":true}]}}